{"id":494,"date":"2020-04-05T09:37:27","date_gmt":"2020-04-05T09:37:27","guid":{"rendered":"http:\/\/jolieklinika.rs\/?page_id=494"},"modified":"2020-06-16T13:22:40","modified_gmt":"2020-06-16T13:22:40","slug":"kraljevski-tretman-sa-japanskim-algama","status":"publish","type":"page","link":"http:\/\/jolieklinika.rs\/ru\/usluge\/tretmani-lica\/kraljevski-tretman-sa-japanskim-algama\/","title":{"rendered":"Kraljevski tretman sa japanskim algama"},"content":{"rendered":"<div data-elementor-type=\"wp-page\" data-elementor-id=\"494\" class=\"elementor elementor-494\" data-elementor-settings=\"[]\">\n\t\t\t<div class=\"elementor-inner\">\n\t\t\t\t<div class=\"elementor-section-wrap\">\n\t\t\t\t\t\t\t<section class=\"elementor-element elementor-element-511aaed elementor-section-height-min-height elementor-section-full_width elementor-section-height-default elementor-section-items-middle elementor-section elementor-top-section\" data-id=\"511aaed\" data-element_type=\"section\" data-settings=\"{&quot;background_background&quot;:&quot;classic&quot;}\">\n\t\t\t\t\t\t<div class=\"elementor-container elementor-column-gap-default\">\n\t\t\t\t<div class=\"elementor-row\">\n\t\t\t\t<div class=\"elementor-element elementor-element-286ba0f0 elementor-column elementor-col-100 elementor-top-column\" data-id=\"286ba0f0\" data-element_type=\"column\" data-settings=\"{&quot;background_background&quot;:&quot;gradient&quot;}\">\n\t\t\t<div class=\"elementor-column-wrap  elementor-element-populated\">\n\t\t\t\t\t<div class=\"elementor-widget-wrap\">\n\t\t\t\t<section class=\"elementor-element elementor-element-686fd5f elementor-section-boxed elementor-section-height-default elementor-section-height-default elementor-section elementor-inner-section\" data-id=\"686fd5f\" data-element_type=\"section\">\n\t\t\t\t\t\t<div class=\"elementor-container elementor-column-gap-default\">\n\t\t\t\t<div class=\"elementor-row\">\n\t\t\t\t<div class=\"elementor-element elementor-element-7d2df7d6 elementor-column elementor-col-100 elementor-inner-column\" data-id=\"7d2df7d6\" data-element_type=\"column\">\n\t\t\t<div class=\"elementor-column-wrap  elementor-element-populated\">\n\t\t\t\t\t<div class=\"elementor-widget-wrap\">\n\t\t\t\t<div class=\"elementor-element elementor-element-7ea7ca57 animated-slow elementor-widget__width-auto elementor-invisible elementor-widget elementor-widget-heading\" data-id=\"7ea7ca57\" data-element_type=\"widget\" data-settings=\"{&quot;_animation&quot;:&quot;fadeIn&quot;}\" data-widget_type=\"heading.default\">\n\t\t\t\t<div class=\"elementor-widget-container\">\n\t\t\t<h3 class=\"elementor-heading-title elementor-size-default\"><a href=\"http:\/\/jolieklinika.rs\/ru\/?page_id=193\">Tretmani lica<\/a><\/h3>\t\t<\/div>\n\t\t\t\t<\/div>\n\t\t\t\t<div class=\"elementor-element elementor-element-4028b399 animated-slow elementor-invisible elementor-widget elementor-widget-heading\" data-id=\"4028b399\" data-element_type=\"widget\" data-settings=\"{&quot;_animation&quot;:&quot;fadeIn&quot;}\" data-widget_type=\"heading.default\">\n\t\t\t\t<div class=\"elementor-widget-container\">\n\t\t\t<h1 class=\"elementor-heading-title elementor-size-default\">Kraljevski tretman sa japanskim algama\n<\/h1>\t\t<\/div>\n\t\t\t\t<\/div>\n\t\t\t\t\t\t<\/div>\n\t\t\t<\/div>\n\t\t<\/div>\n\t\t\t\t\t\t<\/div>\n\t\t\t<\/div>\n\t\t<\/section>\n\t\t\t\t\t\t<\/div>\n\t\t\t<\/div>\n\t\t<\/div>\n\t\t\t\t\t\t<\/div>\n\t\t\t<\/div>\n\t\t<\/section>\n\t\t\t\t<section class=\"elementor-element elementor-element-c67e355 elementor-section-boxed elementor-section-height-default elementor-section-height-default elementor-section elementor-top-section\" data-id=\"c67e355\" data-element_type=\"section\">\n\t\t\t\t\t\t<div class=\"elementor-container elementor-column-gap-default\">\n\t\t\t\t<div class=\"elementor-row\">\n\t\t\t\t<div class=\"elementor-element elementor-element-37fbd19 elementor-column elementor-col-66 elementor-top-column\" data-id=\"37fbd19\" data-element_type=\"column\" data-settings=\"{&quot;background_background&quot;:&quot;classic&quot;}\">\n\t\t\t<div class=\"elementor-column-wrap  elementor-element-populated\">\n\t\t\t\t\t<div class=\"elementor-widget-wrap\">\n\t\t\t\t<div class=\"elementor-element elementor-element-5e3d201 elementor-widget elementor-widget-spacer\" data-id=\"5e3d201\" data-element_type=\"widget\" data-widget_type=\"spacer.default\">\n\t\t\t\t<div class=\"elementor-widget-container\">\n\t\t\t\t\t<div class=\"elementor-spacer\">\n\t\t\t<div class=\"elementor-spacer-inner\"><\/div>\n\t\t<\/div>\n\t\t\t\t<\/div>\n\t\t\t\t<\/div>\n\t\t\t\t<div class=\"elementor-element elementor-element-1861c36 animated-slow elementor-invisible elementor-widget elementor-widget-heading\" data-id=\"1861c36\" data-element_type=\"widget\" data-settings=\"{&quot;_animation&quot;:&quot;fadeIn&quot;}\" data-widget_type=\"heading.default\">\n\t\t\t\t<div class=\"elementor-widget-container\">\n\t\t\t<h2 class=\"elementor-heading-title elementor-size-default\">\u0160ta je tretman lica japanskim algama?\n<\/h2>\t\t<\/div>\n\t\t\t\t<\/div>\n\t\t\t\t<div class=\"elementor-element elementor-element-939b0c2 elementor-invisible elementor-widget elementor-widget-text-editor\" data-id=\"939b0c2\" data-element_type=\"widget\" data-settings=\"{&quot;_animation&quot;:&quot;fadeIn&quot;}\" data-widget_type=\"text-editor.default\">\n\t\t\t\t<div class=\"elementor-widget-container\">\n\t\t\t\t\t<div class=\"elementor-text-editor elementor-clearfix\"><p><span style=\"font-weight: 400;\">Ovakav naziv potpuno odgovara jednom izuzetnom tretmanu u kojem se prepli\u0107u biotehnologija i priroda kako bi va\u0161em licu podarili bogatstvo minerala koji ga stimuli\u0161u, biljnih sastojaka koji ga \u0161tite i amino kiselina koje ga regeneri\u0161u, a sve to uz okrepljuju\u0107e raspr\u0161avanje kiseonika.<\/span><\/p><p><span style=\"font-weight: 400;\">Tretman bogat oligo-elementima vra\u0107a ko\u017ei energiju, tonifikuje je i vra\u0107a joj mladala\u010dki izgled.<\/span><\/p><p><span style=\"font-weight: 400;\">Osnova tretmana su japanske crvene alge Laminaria koje su bogate kalcijumom, gvo\u017e\u0111em i jodom<\/span><span style=\"font-weight: 400;\">.<\/span><\/p><\/div>\n\t\t\t\t<\/div>\n\t\t\t\t<\/div>\n\t\t\t\t<div class=\"elementor-element elementor-element-ef126fd animated-slow elementor-invisible elementor-widget elementor-widget-heading\" data-id=\"ef126fd\" data-element_type=\"widget\" data-settings=\"{&quot;_animation&quot;:&quot;fadeIn&quot;}\" data-widget_type=\"heading.default\">\n\t\t\t\t<div class=\"elementor-widget-container\">\n\t\t\t<h2 class=\"elementor-heading-title elementor-size-default\">Kada se primenjuje i kome je namenjen?\n<\/h2>\t\t<\/div>\n\t\t\t\t<\/div>\n\t\t\t\t<div class=\"elementor-element elementor-element-e8228da elementor-invisible elementor-widget elementor-widget-text-editor\" data-id=\"e8228da\" data-element_type=\"widget\" data-settings=\"{&quot;_animation&quot;:&quot;fadeIn&quot;}\" data-widget_type=\"text-editor.default\">\n\t\t\t\t<div class=\"elementor-widget-container\">\n\t\t\t\t\t<div class=\"elementor-text-editor elementor-clearfix\"><p><span style=\"font-weight: 400;\">Tretman japanskim algama preporu\u010duje se za dehidriranu, zrelu, umornu i ko\u017eu bez sjaja.<\/span><\/p><\/div>\n\t\t\t\t<\/div>\n\t\t\t\t<\/div>\n\t\t\t\t<div class=\"elementor-element elementor-element-d85f41a elementor-widget elementor-widget-spacer\" data-id=\"d85f41a\" data-element_type=\"widget\" data-widget_type=\"spacer.default\">\n\t\t\t\t<div class=\"elementor-widget-container\">\n\t\t\t\t\t<div class=\"elementor-spacer\">\n\t\t\t<div class=\"elementor-spacer-inner\"><\/div>\n\t\t<\/div>\n\t\t\t\t<\/div>\n\t\t\t\t<\/div>\n\t\t\t\t<div class=\"elementor-element elementor-element-ba9a637 animated-slow elementor-invisible elementor-widget elementor-widget-heading\" data-id=\"ba9a637\" data-element_type=\"widget\" data-settings=\"{&quot;_animation&quot;:&quot;fadeIn&quot;}\" data-widget_type=\"heading.default\">\n\t\t\t\t<div class=\"elementor-widget-container\">\n\t\t\t<h2 class=\"elementor-heading-title elementor-size-default\">Cena:<\/h2>\t\t<\/div>\n\t\t\t\t<\/div>\n\t\t\t\t<div class=\"elementor-element elementor-element-6bc4d40 elementor-widget elementor-widget-price-list\" data-id=\"6bc4d40\" data-element_type=\"widget\" data-widget_type=\"price-list.default\">\n\t\t\t\t<div class=\"elementor-widget-container\">\n\t\t\t\n\t\t<ul class=\"elementor-price-list\">\n\n\t\t\t\t\t\t\t\t\t<li><a class=\"elementor-price-list-item\" href=\"#\">\t\t\t\t\n\t\t\t\t<div class=\"elementor-price-list-text\">\n\t\t\t\t\t\t\t\t\t<div class=\"elementor-price-list-header\">\n\t\t\t\t\t\t\t\t\t\t\t<span class=\"elementor-price-list-title\">Kraljevski tretman sa japanskim algama<\/span>\n\t\t\t\t\t\t\t\t\t\t\t\t\t\t\t\t\t\t<span class=\"elementor-price-list-separator\"><\/span>\n\t\t\t\t\t\t\t\t\t\t\t\t\t\t\t\t\t\t\t<span class=\"elementor-price-list-price\">7.900 rsd<\/span>\n\t\t\t\t\t\t\t\t\t\t<\/div>\n\t\t\t\t\t\t\t\t\t\t\t\t<\/div>\n\t\t\t\t<\/a><\/li>\t\t\t\t\t\n\t\t<\/ul>\n\n\t\t\t\t<\/div>\n\t\t\t\t<\/div>\n\t\t\t\t<div class=\"elementor-element elementor-element-959bca3 elementor-widget elementor-widget-spacer\" data-id=\"959bca3\" data-element_type=\"widget\" data-widget_type=\"spacer.default\">\n\t\t\t\t<div class=\"elementor-widget-container\">\n\t\t\t\t\t<div class=\"elementor-spacer\">\n\t\t\t<div class=\"elementor-spacer-inner\"><\/div>\n\t\t<\/div>\n\t\t\t\t<\/div>\n\t\t\t\t<\/div>\n\t\t\t\t<div class=\"elementor-element elementor-element-15a7a1d animated-fast elementor-align-right elementor-widget__width-auto elementor-invisible elementor-widget elementor-widget-button\" data-id=\"15a7a1d\" data-element_type=\"widget\" data-settings=\"{&quot;_animation&quot;:&quot;fadeIn&quot;}\" data-widget_type=\"button.default\">\n\t\t\t\t<div class=\"elementor-widget-container\">\n\t\t\t\t\t<div class=\"elementor-button-wrapper\">\n\t\t\t<a href=\"http:\/\/jolieklinika.rs\/ru\/?page_id=193\" class=\"elementor-button-link elementor-button elementor-size-sm\" role=\"button\">\n\t\t\t\t\t\t<span class=\"elementor-button-content-wrapper\">\n\t\t\t\t\t\t<span class=\"elementor-button-icon elementor-align-icon-left\">\n\t\t\t\t<i aria-hidden=\"true\" class=\"fas fa-arrow-left\"><\/i>\t\t\t<\/span>\n\t\t\t\t\t\t<span class=\"elementor-button-text\">nazad na ostale usluge<\/span>\n\t\t<\/span>\n\t\t\t\t\t<\/a>\n\t\t<\/div>\n\t\t\t\t<\/div>\n\t\t\t\t<\/div>\n\t\t\t\t\t\t<\/div>\n\t\t\t<\/div>\n\t\t<\/div>\n\t\t\t\t<div class=\"elementor-element elementor-element-fcea221 elementor-column elementor-col-33 elementor-top-column\" data-id=\"fcea221\" data-element_type=\"column\">\n\t\t\t<div class=\"elementor-column-wrap  elementor-element-populated\">\n\t\t\t\t\t<div class=\"elementor-widget-wrap\">\n\t\t\t\t<div class=\"elementor-element elementor-element-f1a69aa animated-slow elementor-invisible elementor-widget elementor-widget-heading\" data-id=\"f1a69aa\" data-element_type=\"widget\" data-settings=\"{&quot;_animation&quot;:&quot;fadeIn&quot;}\" data-widget_type=\"heading.default\">\n\t\t\t\t<div class=\"elementor-widget-container\">\n\t\t\t<h2 class=\"elementor-heading-title elementor-size-default\">Ostale usluge<\/h2>\t\t<\/div>\n\t\t\t\t<\/div>\n\t\t\t\t<div class=\"elementor-element elementor-element-8e21111 elementor-nav-menu__align-left elementor-nav-menu--indicator-none elementor-nav-menu--dropdown-none elementor-widget elementor-widget-nav-menu\" data-id=\"8e21111\" data-element_type=\"widget\" data-settings=\"{&quot;layout&quot;:&quot;vertical&quot;}\" data-widget_type=\"nav-menu.default\">\n\t\t\t\t<div class=\"elementor-widget-container\">\n\t\t\t\t\t\t<nav role=\"navigation\" class=\"elementor-nav-menu--main elementor-nav-menu__container elementor-nav-menu--layout-vertical e--pointer-none\"><ul id=\"menu-1-8e21111\" class=\"elementor-nav-menu sm-vertical\"><li class=\"menu-item menu-item-type-post_type menu-item-object-page menu-item-551\"><a href=\"http:\/\/jolieklinika.rs\/ru\/usluge\/tretmani-lica\/biomagic-mask\/\" class=\"elementor-item\">Biomagic Mask<\/a><\/li>\n<li class=\"menu-item menu-item-type-post_type menu-item-object-page menu-item-550\"><a href=\"http:\/\/jolieklinika.rs\/ru\/?page_id=475\" class=\"elementor-item\">BIOFIXIN tretman<\/a><\/li>\n<li class=\"menu-item menu-item-type-post_type menu-item-object-page menu-item-553\"><a href=\"http:\/\/jolieklinika.rs\/ru\/?page_id=482\" class=\"elementor-item\">Zein Obagi tretmani<\/a><\/li>\n<li class=\"menu-item menu-item-type-post_type menu-item-object-page menu-item-557\"><a href=\"http:\/\/jolieklinika.rs\/ru\/?page_id=478\" class=\"elementor-item\">Seconde Peau &#8211; &#8222;Druga ko\u017ea&#8220;<\/a><\/li>\n<li class=\"menu-item menu-item-type-post_type menu-item-object-page menu-item-549\"><a href=\"http:\/\/jolieklinika.rs\/ru\/?page_id=467\" class=\"elementor-item\">\u201cClassy\u201d tretman<\/a><\/li>\n<li class=\"menu-item menu-item-type-post_type menu-item-object-page menu-item-548\"><a href=\"http:\/\/jolieklinika.rs\/ru\/?page_id=500\" class=\"elementor-item\">&#8222;VIP O2&#8220; tretman<\/a><\/li>\n<li class=\"menu-item menu-item-type-post_type menu-item-object-page menu-item-547\"><a href=\"http:\/\/jolieklinika.rs\/ru\/?page_id=503\" class=\"elementor-item\">&#8222;MC 110&#8220; tretman<\/a><\/li>\n<li class=\"menu-item menu-item-type-post_type menu-item-object-page menu-item-546\"><a href=\"http:\/\/jolieklinika.rs\/ru\/?page_id=488\" class=\"elementor-item\">&#8222;Lissant&#8220; tretman<\/a><\/li>\n<li class=\"menu-item menu-item-type-post_type menu-item-object-page menu-item-545\"><a href=\"http:\/\/jolieklinika.rs\/ru\/?page_id=491\" class=\"elementor-item\">&#8222;Kavijar&#8220; tretman<\/a><\/li>\n<li class=\"menu-item menu-item-type-post_type menu-item-object-page menu-item-555\"><a href=\"http:\/\/jolieklinika.rs\/ru\/?page_id=497\" class=\"elementor-item\">Lift C.V.S. tretman<\/a><\/li>\n<li class=\"menu-item menu-item-type-post_type menu-item-object-page menu-item-544\"><a href=\"http:\/\/jolieklinika.rs\/ru\/usluge\/tretmani-lica\/fruits-tretman\/\" class=\"elementor-item\">&#8222;FRUITS&#8220; tretman<\/a><\/li>\n<li class=\"menu-item menu-item-type-post_type menu-item-object-page menu-item-543\"><a href=\"http:\/\/jolieklinika.rs\/ru\/usluge\/tretmani-lica\/collagen-feerie-tretman\/\" class=\"elementor-item\">&#8222;COLLAGEN F\u00c9ERIE&#8220; tretman<\/a><\/li>\n<li class=\"menu-item menu-item-type-post_type menu-item-object-page menu-item-554\"><a href=\"http:\/\/jolieklinika.rs\/ru\/usluge\/tretmani-lica\/kraljevski-tretman-sa-japanskim-algama\/\" class=\"elementor-item\">Kraljevski tretman sa japanskim algama<\/a><\/li>\n<li class=\"menu-item menu-item-type-post_type menu-item-object-page menu-item-556\"><a href=\"http:\/\/jolieklinika.rs\/ru\/?page_id=513\" class=\"elementor-item\">Microneedling<\/a><\/li>\n<li class=\"menu-item menu-item-type-post_type menu-item-object-page menu-item-552\"><a href=\"http:\/\/jolieklinika.rs\/ru\/usluge\/tretmani-lica\/biorevitalizacija-hemijskim-pilingom\/\" class=\"elementor-item\">Biorevitalizacija hemijskim pilingom<\/a><\/li>\n<\/ul><\/nav>\n\t\t\t\t\t<div class=\"elementor-menu-toggle\" role=\"button\" tabindex=\"0\" aria-label=\"Menu Toggle\" aria-expanded=\"false\">\n\t\t\t<i class=\"eicon-menu-bar\" aria-hidden=\"true\"><\/i>\n\t\t\t<span class=\"elementor-screen-only\">Menu<\/span>\n\t\t<\/div>\n\t\t\t<nav class=\"elementor-nav-menu--dropdown elementor-nav-menu__container\" role=\"navigation\" aria-hidden=\"true\"><ul id=\"menu-2-8e21111\" class=\"elementor-nav-menu sm-vertical\"><li class=\"menu-item menu-item-type-post_type menu-item-object-page menu-item-551\"><a href=\"http:\/\/jolieklinika.rs\/ru\/usluge\/tretmani-lica\/biomagic-mask\/\" class=\"elementor-item\">Biomagic Mask<\/a><\/li>\n<li class=\"menu-item menu-item-type-post_type menu-item-object-page menu-item-550\"><a href=\"http:\/\/jolieklinika.rs\/ru\/?page_id=475\" class=\"elementor-item\">BIOFIXIN tretman<\/a><\/li>\n<li class=\"menu-item menu-item-type-post_type menu-item-object-page menu-item-553\"><a href=\"http:\/\/jolieklinika.rs\/ru\/?page_id=482\" class=\"elementor-item\">Zein Obagi tretmani<\/a><\/li>\n<li class=\"menu-item menu-item-type-post_type menu-item-object-page menu-item-557\"><a href=\"http:\/\/jolieklinika.rs\/ru\/?page_id=478\" class=\"elementor-item\">Seconde Peau &#8211; &#8222;Druga ko\u017ea&#8220;<\/a><\/li>\n<li class=\"menu-item menu-item-type-post_type menu-item-object-page menu-item-549\"><a href=\"http:\/\/jolieklinika.rs\/ru\/?page_id=467\" class=\"elementor-item\">\u201cClassy\u201d tretman<\/a><\/li>\n<li class=\"menu-item menu-item-type-post_type menu-item-object-page menu-item-548\"><a href=\"http:\/\/jolieklinika.rs\/ru\/?page_id=500\" class=\"elementor-item\">&#8222;VIP O2&#8220; tretman<\/a><\/li>\n<li class=\"menu-item menu-item-type-post_type menu-item-object-page menu-item-547\"><a href=\"http:\/\/jolieklinika.rs\/ru\/?page_id=503\" class=\"elementor-item\">&#8222;MC 110&#8220; tretman<\/a><\/li>\n<li class=\"menu-item menu-item-type-post_type menu-item-object-page menu-item-546\"><a href=\"http:\/\/jolieklinika.rs\/ru\/?page_id=488\" class=\"elementor-item\">&#8222;Lissant&#8220; tretman<\/a><\/li>\n<li class=\"menu-item menu-item-type-post_type menu-item-object-page menu-item-545\"><a href=\"http:\/\/jolieklinika.rs\/ru\/?page_id=491\" class=\"elementor-item\">&#8222;Kavijar&#8220; tretman<\/a><\/li>\n<li class=\"menu-item menu-item-type-post_type menu-item-object-page menu-item-555\"><a href=\"http:\/\/jolieklinika.rs\/ru\/?page_id=497\" class=\"elementor-item\">Lift C.V.S. tretman<\/a><\/li>\n<li class=\"menu-item menu-item-type-post_type menu-item-object-page menu-item-544\"><a href=\"http:\/\/jolieklinika.rs\/ru\/usluge\/tretmani-lica\/fruits-tretman\/\" class=\"elementor-item\">&#8222;FRUITS&#8220; tretman<\/a><\/li>\n<li class=\"menu-item menu-item-type-post_type menu-item-object-page menu-item-543\"><a href=\"http:\/\/jolieklinika.rs\/ru\/usluge\/tretmani-lica\/collagen-feerie-tretman\/\" class=\"elementor-item\">&#8222;COLLAGEN F\u00c9ERIE&#8220; tretman<\/a><\/li>\n<li class=\"menu-item menu-item-type-post_type menu-item-object-page menu-item-554\"><a href=\"http:\/\/jolieklinika.rs\/ru\/usluge\/tretmani-lica\/kraljevski-tretman-sa-japanskim-algama\/\" class=\"elementor-item\">Kraljevski tretman sa japanskim algama<\/a><\/li>\n<li class=\"menu-item menu-item-type-post_type menu-item-object-page menu-item-556\"><a href=\"http:\/\/jolieklinika.rs\/ru\/?page_id=513\" class=\"elementor-item\">Microneedling<\/a><\/li>\n<li class=\"menu-item menu-item-type-post_type menu-item-object-page menu-item-552\"><a href=\"http:\/\/jolieklinika.rs\/ru\/usluge\/tretmani-lica\/biorevitalizacija-hemijskim-pilingom\/\" class=\"elementor-item\">Biorevitalizacija hemijskim pilingom<\/a><\/li>\n<\/ul><\/nav>\n\t\t\t\t<\/div>\n\t\t\t\t<\/div>\n\t\t\t\t<div class=\"elementor-element elementor-element-999116f animated-slow elementor-invisible elementor-widget elementor-widget-heading\" data-id=\"999116f\" data-element_type=\"widget\" data-settings=\"{&quot;_animation&quot;:&quot;fadeIn&quot;}\" data-widget_type=\"heading.default\">\n\t\t\t\t<div class=\"elementor-widget-container\">\n\t\t\t<h3 class=\"elementor-heading-title elementor-size-default\">\u0417\u0430\u043f\u043b\u0430\u043d\u0438\u0440\u043e\u0432\u0430\u0442\u044c \u043b\u0435\u0447\u0435\u043d\u0438\u0435<\/h3>\t\t<\/div>\n\t\t\t\t<\/div>\n\t\t\t\t<div class=\"elementor-element elementor-element-3706ec0 elementor-button-align-stretch elementor-invisible elementor-widget elementor-widget-form\" data-id=\"3706ec0\" data-element_type=\"widget\" data-settings=\"{&quot;_animation&quot;:&quot;fadeIn&quot;}\" data-widget_type=\"form.default\">\n\t\t\t\t<div class=\"elementor-widget-container\">\n\t\t\t\t\t<form class=\"elementor-form\" method=\"post\" name=\"New Form\" action=\"\">\n\t\t\t<input type=\"hidden\" name=\"post_id\" value=\"494\"\/>\n\t\t\t<input type=\"hidden\" name=\"form_id\" value=\"3706ec0\"\/>\n\n\t\t\t\n\t\t\t<div class=\"elementor-form-fields-wrapper elementor-labels-\">\n\t\t\t\t\t\t\t\t<div class=\"elementor-field-type-text elementor-field-group elementor-column elementor-field-group-name elementor-col-100 elementor-field-required\">\n\t\t\t\t\t<input size=\"1\" type=\"text\" name=\"form_fields[name]\" id=\"form-field-name\" class=\"elementor-field elementor-size-sm  elementor-field-textual\" placeholder=\"Ime i prezime\" required=\"required\" aria-required=\"true\">\t\t\t\t<\/div>\n\t\t\t\t\t\t\t\t<div class=\"elementor-field-type-email elementor-field-group elementor-column elementor-field-group-email elementor-col-50 elementor-field-required\">\n\t\t\t\t\t<input size=\"1\" type=\"email\" name=\"form_fields[email]\" id=\"form-field-email\" class=\"elementor-field elementor-size-sm  elementor-field-textual\" placeholder=\"Email\" required=\"required\" aria-required=\"true\">\t\t\t\t<\/div>\n\t\t\t\t\t\t\t\t<div class=\"elementor-field-type-tel elementor-field-group elementor-column elementor-field-group-field_2 elementor-col-50 elementor-field-required\">\n\t\t\t\t\t<label for=\"form-field-field_2\" class=\"elementor-field-label elementor-screen-only\">Telefon<\/label><input size=\"1\" type=\"tel\" name=\"form_fields[field_2]\" id=\"form-field-field_2\" class=\"elementor-field elementor-size-sm  elementor-field-textual\" placeholder=\"Telefon\" required=\"required\" aria-required=\"true\" pattern=\"[0-9()#&amp;+*-=.]+\" title=\"Only numbers and phone characters (#, -, *, etc) are accepted.\">\t\t\t\t<\/div>\n\t\t\t\t\t\t\t\t<div class=\"elementor-field-type-textarea elementor-field-group elementor-column elementor-field-group-field_1 elementor-col-100 elementor-field-required\">\n\t\t\t\t\t<label for=\"form-field-field_1\" class=\"elementor-field-label elementor-screen-only\">Poruka<\/label><textarea class=\"elementor-field-textual elementor-field  elementor-size-sm\" name=\"form_fields[field_1]\" id=\"form-field-field_1\" rows=\"4\" placeholder=\"Recite nam koji tretman \u017eelite i kada\" required=\"required\" aria-required=\"true\"><\/textarea>\t\t\t\t<\/div>\n\t\t\t\t\t\t\t\t<div class=\"elementor-field-group elementor-column elementor-field-type-submit elementor-col-100\">\n\t\t\t\t\t<button type=\"submit\" class=\"elementor-button elementor-size-sm elementor-animation-grow\">\n\t\t\t\t\t\t<span >\n\t\t\t\t\t\t\t\t\t\t\t\t\t\t\t<span class=\"elementor-button-icon\">\n\t\t\t\t\t\t\t\t\t\t\t\t\t\t\t\t\t\t\t\t\t\t\t\t\t\t<\/span>\n\t\t\t\t\t\t\t\t\t\t\t\t\t\t\t\t\t\t\t\t\t\t<span class=\"elementor-button-text\">PO\u0160ALJI<\/span>\n\t\t\t\t\t\t\t\t\t\t\t\t\t<\/span>\n\t\t\t\t\t<\/button>\n\t\t\t\t<\/div>\n\t\t\t<\/div>\n\t\t<input type=\"hidden\" name=\"trp-form-language\" value=\"ru\"\/><\/form>\n\t\t\t\t<\/div>\n\t\t\t\t<\/div>\n\t\t\t\t\t\t<\/div>\n\t\t\t<\/div>\n\t\t<\/div>\n\t\t\t\t\t\t<\/div>\n\t\t\t<\/div>\n\t\t<\/section>\n\t\t\t\t\t\t<\/div>\n\t\t\t<\/div>\n\t\t<\/div>","protected":false},"excerpt":{"rendered":"<p>Tretmani lica Kraljevski tretman sa japanskim algama \u0160ta je tretman lica japanskim algama? Ovakav naziv potpuno odgovara jednom izuzetnom tretmanu u kojem se prepli\u0107u biotehnologija i priroda kako bi va\u0161em licu podarili bogatstvo minerala koji ga stimuli\u0161u, biljnih sastojaka koji ga \u0161tite i amino kiselina koje ga regeneri\u0161u, a sve to uz okrepljuju\u0107e raspr\u0161avanje kiseonika.&hellip;<\/p>","protected":false},"author":1,"featured_media":0,"parent":193,"menu_order":0,"comment_status":"closed","ping_status":"closed","template":"elementor_header_footer","meta":[],"_links":{"self":[{"href":"http:\/\/jolieklinika.rs\/ru\/wp-json\/wp\/v2\/pages\/494"}],"collection":[{"href":"http:\/\/jolieklinika.rs\/ru\/wp-json\/wp\/v2\/pages"}],"about":[{"href":"http:\/\/jolieklinika.rs\/ru\/wp-json\/wp\/v2\/types\/page"}],"author":[{"embeddable":true,"href":"http:\/\/jolieklinika.rs\/ru\/wp-json\/wp\/v2\/users\/1"}],"replies":[{"embeddable":true,"href":"http:\/\/jolieklinika.rs\/ru\/wp-json\/wp\/v2\/comments?post=494"}],"version-history":[{"count":5,"href":"http:\/\/jolieklinika.rs\/ru\/wp-json\/wp\/v2\/pages\/494\/revisions"}],"predecessor-version":[{"id":1000,"href":"http:\/\/jolieklinika.rs\/ru\/wp-json\/wp\/v2\/pages\/494\/revisions\/1000"}],"up":[{"embeddable":true,"href":"http:\/\/jolieklinika.rs\/ru\/wp-json\/wp\/v2\/pages\/193"}],"wp:attachment":[{"href":"http:\/\/jolieklinika.rs\/ru\/wp-json\/wp\/v2\/media?parent=494"}],"curies":[{"name":"wp","href":"https:\/\/api.w.org\/{rel}","templated":true}]}}