{"id":439,"date":"2020-04-04T21:52:27","date_gmt":"2020-04-04T21:52:27","guid":{"rendered":"http:\/\/jolieklinika.rs\/?page_id=439"},"modified":"2020-04-19T19:17:26","modified_gmt":"2020-04-19T19:17:26","slug":"tretman-za-teske-i-umorne-noge","status":"publish","type":"page","link":"http:\/\/jolieklinika.rs\/ru\/usluge\/ino-clients\/tretman-za-teske-i-umorne-noge\/","title":{"rendered":"Tretman za te\u0161ke i umorne noge"},"content":{"rendered":"<div data-elementor-type=\"wp-page\" data-elementor-id=\"439\" class=\"elementor elementor-439\" data-elementor-settings=\"[]\">\n\t\t\t<div class=\"elementor-inner\">\n\t\t\t\t<div class=\"elementor-section-wrap\">\n\t\t\t\t\t\t\t<section class=\"elementor-element elementor-element-511aaed elementor-section-height-min-height elementor-section-full_width elementor-section-height-default elementor-section-items-middle elementor-section elementor-top-section\" data-id=\"511aaed\" data-element_type=\"section\" data-settings=\"{&quot;background_background&quot;:&quot;classic&quot;}\">\n\t\t\t\t\t\t<div class=\"elementor-container elementor-column-gap-default\">\n\t\t\t\t<div class=\"elementor-row\">\n\t\t\t\t<div class=\"elementor-element elementor-element-286ba0f0 elementor-column elementor-col-100 elementor-top-column\" data-id=\"286ba0f0\" data-element_type=\"column\" data-settings=\"{&quot;background_background&quot;:&quot;gradient&quot;}\">\n\t\t\t<div class=\"elementor-column-wrap  elementor-element-populated\">\n\t\t\t\t\t<div class=\"elementor-widget-wrap\">\n\t\t\t\t<section class=\"elementor-element elementor-element-686fd5f elementor-section-boxed elementor-section-height-default elementor-section-height-default elementor-section elementor-inner-section\" data-id=\"686fd5f\" data-element_type=\"section\">\n\t\t\t\t\t\t<div class=\"elementor-container elementor-column-gap-default\">\n\t\t\t\t<div class=\"elementor-row\">\n\t\t\t\t<div class=\"elementor-element elementor-element-7d2df7d6 elementor-column elementor-col-100 elementor-inner-column\" data-id=\"7d2df7d6\" data-element_type=\"column\">\n\t\t\t<div class=\"elementor-column-wrap  elementor-element-populated\">\n\t\t\t\t\t<div class=\"elementor-widget-wrap\">\n\t\t\t\t<div class=\"elementor-element elementor-element-7ea7ca57 animated-slow elementor-widget__width-auto elementor-invisible elementor-widget elementor-widget-heading\" data-id=\"7ea7ca57\" data-element_type=\"widget\" data-settings=\"{&quot;_animation&quot;:&quot;fadeIn&quot;}\" data-widget_type=\"heading.default\">\n\t\t\t\t<div class=\"elementor-widget-container\">\n\t\t\t<h3 class=\"elementor-heading-title elementor-size-default\"><a href=\"http:\/\/jolieklinika.rs\/ru\/usluge\/ino-clients\/\">Tretmani tela<\/a><\/h3>\t\t<\/div>\n\t\t\t\t<\/div>\n\t\t\t\t<div class=\"elementor-element elementor-element-4028b399 animated-slow elementor-invisible elementor-widget elementor-widget-heading\" data-id=\"4028b399\" data-element_type=\"widget\" data-settings=\"{&quot;_animation&quot;:&quot;fadeIn&quot;}\" data-widget_type=\"heading.default\">\n\t\t\t\t<div class=\"elementor-widget-container\">\n\t\t\t<h1 class=\"elementor-heading-title elementor-size-default\">Tretman za te\u0161ke i \n<br>umorne noge<\/h1>\t\t<\/div>\n\t\t\t\t<\/div>\n\t\t\t\t\t\t<\/div>\n\t\t\t<\/div>\n\t\t<\/div>\n\t\t\t\t\t\t<\/div>\n\t\t\t<\/div>\n\t\t<\/section>\n\t\t\t\t\t\t<\/div>\n\t\t\t<\/div>\n\t\t<\/div>\n\t\t\t\t\t\t<\/div>\n\t\t\t<\/div>\n\t\t<\/section>\n\t\t\t\t<section class=\"elementor-element elementor-element-c67e355 elementor-section-boxed elementor-section-height-default elementor-section-height-default elementor-section elementor-top-section\" data-id=\"c67e355\" data-element_type=\"section\">\n\t\t\t\t\t\t<div class=\"elementor-container elementor-column-gap-default\">\n\t\t\t\t<div class=\"elementor-row\">\n\t\t\t\t<div class=\"elementor-element elementor-element-37fbd19 elementor-column elementor-col-66 elementor-top-column\" data-id=\"37fbd19\" data-element_type=\"column\" data-settings=\"{&quot;background_background&quot;:&quot;classic&quot;}\">\n\t\t\t<div class=\"elementor-column-wrap  elementor-element-populated\">\n\t\t\t\t\t<div class=\"elementor-widget-wrap\">\n\t\t\t\t<div class=\"elementor-element elementor-element-be5e18f elementor-pagination-position-outside elementor-widget elementor-widget-image-carousel\" data-id=\"be5e18f\" data-element_type=\"widget\" data-settings=\"{&quot;slides_to_scroll&quot;:&quot;1&quot;,&quot;navigation&quot;:&quot;dots&quot;,&quot;slides_to_show_tablet&quot;:&quot;3&quot;,&quot;slides_to_show&quot;:&quot;2&quot;,&quot;autoplay&quot;:&quot;yes&quot;,&quot;pause_on_hover&quot;:&quot;yes&quot;,&quot;pause_on_interaction&quot;:&quot;yes&quot;,&quot;autoplay_speed&quot;:5000,&quot;infinite&quot;:&quot;yes&quot;,&quot;speed&quot;:500,&quot;direction&quot;:&quot;ltr&quot;,&quot;image_spacing_custom&quot;:{&quot;unit&quot;:&quot;px&quot;,&quot;size&quot;:20,&quot;sizes&quot;:[]}}\" data-widget_type=\"image-carousel.default\">\n\t\t\t\t<div class=\"elementor-widget-container\">\n\t\t\t\t\t<div class=\"elementor-image-carousel-wrapper swiper-container\" dir=\"ltr\">\n\t\t\t<div class=\"elementor-image-carousel swiper-wrapper swiper-image-stretch\">\n\t\t\t\t<div class=\"swiper-slide\"><figure class=\"swiper-slide-inner\"><img class=\"swiper-slide-image\" src=\"http:\/\/jolieklinika.rs\/wp-content\/uploads\/elementor\/thumbs\/jolie-usluge-42_1-qmks0chbfye79wayzabcpztzgwbw2ekisj33vy0n4w.jpg\" alt=\"jolie-usluge-42_1\" \/><\/figure><\/div><div class=\"swiper-slide\"><figure class=\"swiper-slide-inner\"><img class=\"swiper-slide-image\" src=\"http:\/\/jolieklinika.rs\/wp-content\/uploads\/elementor\/thumbs\/jolie-usluge-28-qmks0op7wsuxgtt7zxli4eqz6wnnugx167kf4jiiw0.jpg\" alt=\"jolie-usluge-28\" \/><\/figure><\/div>\t\t\t<\/div>\n\t\t\t\t\t\t\t\t\t\t\t\t<div class=\"swiper-pagination\"><\/div>\n\t\t\t\t\t\t\t\t\t\t\t\t\t<\/div>\n\t\t\t\t<\/div>\n\t\t\t\t<\/div>\n\t\t\t\t<div class=\"elementor-element elementor-element-1fa28de elementor-invisible elementor-widget elementor-widget-text-editor\" data-id=\"1fa28de\" data-element_type=\"widget\" data-settings=\"{&quot;_animation&quot;:&quot;fadeIn&quot;}\" data-widget_type=\"text-editor.default\">\n\t\t\t\t<div class=\"elementor-widget-container\">\n\t\t\t\t\t<div class=\"elementor-text-editor elementor-clearfix\"><p><span style=\"font-weight: 400;\">Ovim tretmanom upotrebom specijalnog ulja i pokretima terapeuta mo\u017ee se spre\u010diti ose\u0107aj te\u017eine u nogama. Ubrzani tempo \u017eivota izaziva gomilanje hormona stresa u organizmu. Osetite \u010dari tretmana za te\u0161ke i umorne noge i ose\u0107a\u0107ete se odmorno i rastere\u0107eno, mi\u0161i\u0107i \u0107e vam biti relaksirani.<\/span><\/p><p><span style=\"font-weight: 400;\">Formula oboga\u0107ena eteri\u010dnim uljima \u010dempresa, kamfora, \u017ealfije, nane i ruzmarina pru\u017ea ose\u0107aj prijatnosti.<\/span><\/p><\/div>\n\t\t\t\t<\/div>\n\t\t\t\t<\/div>\n\t\t\t\t<div class=\"elementor-element elementor-element-d85f41a elementor-widget elementor-widget-spacer\" data-id=\"d85f41a\" data-element_type=\"widget\" data-widget_type=\"spacer.default\">\n\t\t\t\t<div class=\"elementor-widget-container\">\n\t\t\t\t\t<div class=\"elementor-spacer\">\n\t\t\t<div class=\"elementor-spacer-inner\"><\/div>\n\t\t<\/div>\n\t\t\t\t<\/div>\n\t\t\t\t<\/div>\n\t\t\t\t<div class=\"elementor-element elementor-element-ba9a637 animated-slow elementor-invisible elementor-widget elementor-widget-heading\" data-id=\"ba9a637\" data-element_type=\"widget\" data-settings=\"{&quot;_animation&quot;:&quot;fadeIn&quot;}\" data-widget_type=\"heading.default\">\n\t\t\t\t<div class=\"elementor-widget-container\">\n\t\t\t<h2 class=\"elementor-heading-title elementor-size-default\">Cena:<\/h2>\t\t<\/div>\n\t\t\t\t<\/div>\n\t\t\t\t<div class=\"elementor-element elementor-element-6bc4d40 elementor-widget elementor-widget-price-list\" data-id=\"6bc4d40\" data-element_type=\"widget\" data-widget_type=\"price-list.default\">\n\t\t\t\t<div class=\"elementor-widget-container\">\n\t\t\t\n\t\t<ul class=\"elementor-price-list\">\n\n\t\t\t\t\t\t\t\t\t<li><a class=\"elementor-price-list-item\" href=\"#\">\t\t\t\t\n\t\t\t\t<div class=\"elementor-price-list-text\">\n\t\t\t\t\t\t\t\t\t<div class=\"elementor-price-list-header\">\n\t\t\t\t\t\t\t\t\t\t\t<span class=\"elementor-price-list-title\">Tretman za te\u0161ke i umorne noge<\/span>\n\t\t\t\t\t\t\t\t\t\t\t\t\t\t\t\t\t\t<span class=\"elementor-price-list-separator\"><\/span>\n\t\t\t\t\t\t\t\t\t\t\t\t\t\t\t\t\t\t\t<span class=\"elementor-price-list-price\">5.000 rsd<\/span>\n\t\t\t\t\t\t\t\t\t\t<\/div>\n\t\t\t\t\t\t\t\t\t\t\t\t\t\t\t<p class=\"elementor-price-list-description\">Trajanje tretmana 60min<\/p>\n\t\t\t\t\t\t\t\t<\/div>\n\t\t\t\t<\/a><\/li>\t\t\t\t\t\n\t\t<\/ul>\n\n\t\t\t\t<\/div>\n\t\t\t\t<\/div>\n\t\t\t\t<div class=\"elementor-element elementor-element-959bca3 elementor-widget elementor-widget-spacer\" data-id=\"959bca3\" data-element_type=\"widget\" data-widget_type=\"spacer.default\">\n\t\t\t\t<div class=\"elementor-widget-container\">\n\t\t\t\t\t<div class=\"elementor-spacer\">\n\t\t\t<div class=\"elementor-spacer-inner\"><\/div>\n\t\t<\/div>\n\t\t\t\t<\/div>\n\t\t\t\t<\/div>\n\t\t\t\t<div class=\"elementor-element elementor-element-15a7a1d animated-fast elementor-align-right elementor-widget__width-auto elementor-invisible elementor-widget elementor-widget-button\" data-id=\"15a7a1d\" data-element_type=\"widget\" data-settings=\"{&quot;_animation&quot;:&quot;fadeIn&quot;}\" data-widget_type=\"button.default\">\n\t\t\t\t<div class=\"elementor-widget-container\">\n\t\t\t\t\t<div class=\"elementor-button-wrapper\">\n\t\t\t<a href=\"http:\/\/jolieklinika.rs\/ru\/usluge\/ino-clients\/\" class=\"elementor-button-link elementor-button elementor-size-sm\" role=\"button\">\n\t\t\t\t\t\t<span class=\"elementor-button-content-wrapper\">\n\t\t\t\t\t\t<span class=\"elementor-button-icon elementor-align-icon-left\">\n\t\t\t\t<i aria-hidden=\"true\" class=\"fas fa-arrow-left\"><\/i>\t\t\t<\/span>\n\t\t\t\t\t\t<span class=\"elementor-button-text\">nazad na ostale usluge<\/span>\n\t\t<\/span>\n\t\t\t\t\t<\/a>\n\t\t<\/div>\n\t\t\t\t<\/div>\n\t\t\t\t<\/div>\n\t\t\t\t\t\t<\/div>\n\t\t\t<\/div>\n\t\t<\/div>\n\t\t\t\t<div class=\"elementor-element elementor-element-fcea221 elementor-column elementor-col-33 elementor-top-column\" data-id=\"fcea221\" data-element_type=\"column\">\n\t\t\t<div class=\"elementor-column-wrap  elementor-element-populated\">\n\t\t\t\t\t<div class=\"elementor-widget-wrap\">\n\t\t\t\t<div class=\"elementor-element elementor-element-f1a69aa animated-slow elementor-invisible elementor-widget elementor-widget-heading\" data-id=\"f1a69aa\" data-element_type=\"widget\" data-settings=\"{&quot;_animation&quot;:&quot;fadeIn&quot;}\" data-widget_type=\"heading.default\">\n\t\t\t\t<div class=\"elementor-widget-container\">\n\t\t\t<h2 class=\"elementor-heading-title elementor-size-default\">Ostale usluge<\/h2>\t\t<\/div>\n\t\t\t\t<\/div>\n\t\t\t\t<div class=\"elementor-element elementor-element-8e21111 elementor-nav-menu__align-left elementor-nav-menu--indicator-none elementor-nav-menu--dropdown-none elementor-widget elementor-widget-nav-menu\" data-id=\"8e21111\" data-element_type=\"widget\" data-settings=\"{&quot;layout&quot;:&quot;vertical&quot;}\" data-widget_type=\"nav-menu.default\">\n\t\t\t\t<div class=\"elementor-widget-container\">\n\t\t\t\t\t\t<nav role=\"navigation\" class=\"elementor-nav-menu--main elementor-nav-menu__container elementor-nav-menu--layout-vertical e--pointer-none\"><ul id=\"menu-1-8e21111\" class=\"elementor-nav-menu sm-vertical\"><li class=\"menu-item menu-item-type-post_type menu-item-object-page menu-item-538\"><a href=\"http:\/\/jolieklinika.rs\/ru\/usluge\/ino-clients\/tretman-za-mrsavljenje\/\" class=\"elementor-item\">Tretman za mr\u0161avljenje<\/a><\/li>\n<li class=\"menu-item menu-item-type-post_type menu-item-object-page menu-item-539\"><a href=\"http:\/\/jolieklinika.rs\/ru\/usluge\/ino-clients\/tretman-za-teske-i-umorne-noge\/\" class=\"elementor-item\">Tretman za te\u0161ke i umorne noge<\/a><\/li>\n<li class=\"menu-item menu-item-type-post_type menu-item-object-page menu-item-540\"><a href=\"http:\/\/jolieklinika.rs\/ru\/usluge\/ino-clients\/tretman-za-zatezanje-tela\/\" class=\"elementor-item\">Tretman za zatezanje tela<\/a><\/li>\n<li class=\"menu-item menu-item-type-post_type menu-item-object-page menu-item-532\"><a href=\"http:\/\/jolieklinika.rs\/ru\/usluge\/ino-clients\/egzoticni-slani-piling-za-masazu-celog-tela\/\" class=\"elementor-item\">Egzoti\u010dni slani piling za masa\u017eu celog tela<\/a><\/li>\n<li class=\"menu-item menu-item-type-post_type menu-item-object-page menu-item-533\"><a href=\"http:\/\/jolieklinika.rs\/ru\/usluge\/ino-clients\/masaza-aromaticnim-uljem\/\" class=\"elementor-item\">Masa\u017ea aromati\u010dnim uljem<\/a><\/li>\n<li class=\"menu-item menu-item-type-post_type menu-item-object-page menu-item-534\"><a href=\"http:\/\/jolieklinika.rs\/ru\/usluge\/ino-clients\/masaza-bambusom\/\" class=\"elementor-item\">\u0418\u043d\u043e\u0441\u0442\u0440\u0430\u043d\u043d\u044b\u0435 \u043a\u043b\u0438\u0435\u043d\u0442\u044b<\/a><\/li>\n<li class=\"menu-item menu-item-type-post_type menu-item-object-page menu-item-535\"><a href=\"http:\/\/jolieklinika.rs\/ru\/usluge\/ino-clients\/masaza-vulkanskim-kamenjem\/\" class=\"elementor-item\">Masa\u017ea vulkanskim kamenjem<\/a><\/li>\n<li class=\"menu-item menu-item-type-post_type menu-item-object-page menu-item-536\"><a href=\"http:\/\/jolieklinika.rs\/ru\/usluge\/ino-clients\/tajlandska-masaza-biljnim-oblogama\/\" class=\"elementor-item\">Prevoz od i do aerodroma<\/a><\/li>\n<li class=\"menu-item menu-item-type-post_type menu-item-object-page menu-item-537\"><a href=\"http:\/\/jolieklinika.rs\/ru\/usluge\/ino-clients\/tajlandska-masaza-kokosovim-oblogama\/\" class=\"elementor-item\">Sme\u0161taj u najluskuznijim beogradskim hotelima<\/a><\/li>\n<li class=\"menu-item menu-item-type-post_type menu-item-object-page menu-item-530\"><a href=\"http:\/\/jolieklinika.rs\/ru\/usluge\/ino-clients\/apsolutni-spa-ritual\/\" class=\"elementor-item\">Apsolutni SPA ritual<\/a><\/li>\n<li class=\"menu-item menu-item-type-post_type menu-item-object-page menu-item-531\"><a href=\"http:\/\/jolieklinika.rs\/ru\/usluge\/ino-clients\/aroma-spa-detox-masaza-morskim-algama\/\" class=\"elementor-item\">Aroma spa: Detox masa\u017ea morskim algama<\/a><\/li>\n<li class=\"menu-item menu-item-type-custom menu-item-object-custom menu-item-760\"><a href=\"\/ru\/usluge\/tretmani-tela\/#relax-thai\" class=\"elementor-item elementor-item-anchor\">Relax Thai masa\u017ea<\/a><\/li>\n<li class=\"menu-item menu-item-type-custom menu-item-object-custom menu-item-761\"><a href=\"\/ru\/usluge\/tretmani-tela\/#tradiocionalna\" class=\"elementor-item elementor-item-anchor\">Tradicionalna terapeutska masa\u017ea<\/a><\/li>\n<li class=\"menu-item menu-item-type-custom menu-item-object-custom menu-item-763\"><a href=\"\/ru\/usluge\/tretmani-tela\/#sijacu\" class=\"elementor-item elementor-item-anchor\">\u0160ijacu masa\u017ea<\/a><\/li>\n<li class=\"menu-item menu-item-type-custom menu-item-object-custom menu-item-764\"><a href=\"\/ru\/usluge\/tretmani-tela\/#stopala\" class=\"elementor-item elementor-item-anchor\">Masa\u017ea stopala<\/a><\/li>\n<li class=\"menu-item menu-item-type-custom menu-item-object-custom menu-item-765\"><a href=\"\/ru\/usluge\/tretmani-tela\/#ledja-glava-ruke\" class=\"elementor-item elementor-item-anchor\">Masa\u017ea le\u0111a, glave i ruku<\/a><\/li>\n<li class=\"menu-item menu-item-type-custom menu-item-object-custom menu-item-766\"><a href=\"\/ru\/usluge\/tretmani-tela\/#royal-thai\" class=\"elementor-item elementor-item-anchor\">Royal thai masa\u017ea<\/a><\/li>\n<\/ul><\/nav>\n\t\t\t\t\t<div class=\"elementor-menu-toggle\" role=\"button\" tabindex=\"0\" aria-label=\"Menu Toggle\" aria-expanded=\"false\">\n\t\t\t<i class=\"eicon-menu-bar\" aria-hidden=\"true\"><\/i>\n\t\t\t<span class=\"elementor-screen-only\">Menu<\/span>\n\t\t<\/div>\n\t\t\t<nav class=\"elementor-nav-menu--dropdown elementor-nav-menu__container\" role=\"navigation\" aria-hidden=\"true\"><ul id=\"menu-2-8e21111\" class=\"elementor-nav-menu sm-vertical\"><li class=\"menu-item menu-item-type-post_type menu-item-object-page menu-item-538\"><a href=\"http:\/\/jolieklinika.rs\/ru\/usluge\/ino-clients\/tretman-za-mrsavljenje\/\" class=\"elementor-item\">Tretman za mr\u0161avljenje<\/a><\/li>\n<li class=\"menu-item menu-item-type-post_type menu-item-object-page menu-item-539\"><a href=\"http:\/\/jolieklinika.rs\/ru\/usluge\/ino-clients\/tretman-za-teske-i-umorne-noge\/\" class=\"elementor-item\">Tretman za te\u0161ke i umorne noge<\/a><\/li>\n<li class=\"menu-item menu-item-type-post_type menu-item-object-page menu-item-540\"><a href=\"http:\/\/jolieklinika.rs\/ru\/usluge\/ino-clients\/tretman-za-zatezanje-tela\/\" class=\"elementor-item\">Tretman za zatezanje tela<\/a><\/li>\n<li class=\"menu-item menu-item-type-post_type menu-item-object-page menu-item-532\"><a href=\"http:\/\/jolieklinika.rs\/ru\/usluge\/ino-clients\/egzoticni-slani-piling-za-masazu-celog-tela\/\" class=\"elementor-item\">Egzoti\u010dni slani piling za masa\u017eu celog tela<\/a><\/li>\n<li class=\"menu-item menu-item-type-post_type menu-item-object-page menu-item-533\"><a href=\"http:\/\/jolieklinika.rs\/ru\/usluge\/ino-clients\/masaza-aromaticnim-uljem\/\" class=\"elementor-item\">Masa\u017ea aromati\u010dnim uljem<\/a><\/li>\n<li class=\"menu-item menu-item-type-post_type menu-item-object-page menu-item-534\"><a href=\"http:\/\/jolieklinika.rs\/ru\/usluge\/ino-clients\/masaza-bambusom\/\" class=\"elementor-item\">\u0418\u043d\u043e\u0441\u0442\u0440\u0430\u043d\u043d\u044b\u0435 \u043a\u043b\u0438\u0435\u043d\u0442\u044b<\/a><\/li>\n<li class=\"menu-item menu-item-type-post_type menu-item-object-page menu-item-535\"><a href=\"http:\/\/jolieklinika.rs\/ru\/usluge\/ino-clients\/masaza-vulkanskim-kamenjem\/\" class=\"elementor-item\">Masa\u017ea vulkanskim kamenjem<\/a><\/li>\n<li class=\"menu-item menu-item-type-post_type menu-item-object-page menu-item-536\"><a href=\"http:\/\/jolieklinika.rs\/ru\/usluge\/ino-clients\/tajlandska-masaza-biljnim-oblogama\/\" class=\"elementor-item\">Prevoz od i do aerodroma<\/a><\/li>\n<li class=\"menu-item menu-item-type-post_type menu-item-object-page menu-item-537\"><a href=\"http:\/\/jolieklinika.rs\/ru\/usluge\/ino-clients\/tajlandska-masaza-kokosovim-oblogama\/\" class=\"elementor-item\">Sme\u0161taj u najluskuznijim beogradskim hotelima<\/a><\/li>\n<li class=\"menu-item menu-item-type-post_type menu-item-object-page menu-item-530\"><a href=\"http:\/\/jolieklinika.rs\/ru\/usluge\/ino-clients\/apsolutni-spa-ritual\/\" class=\"elementor-item\">Apsolutni SPA ritual<\/a><\/li>\n<li class=\"menu-item menu-item-type-post_type menu-item-object-page menu-item-531\"><a href=\"http:\/\/jolieklinika.rs\/ru\/usluge\/ino-clients\/aroma-spa-detox-masaza-morskim-algama\/\" class=\"elementor-item\">Aroma spa: Detox masa\u017ea morskim algama<\/a><\/li>\n<li class=\"menu-item menu-item-type-custom menu-item-object-custom menu-item-760\"><a href=\"\/ru\/usluge\/tretmani-tela\/#relax-thai\" class=\"elementor-item elementor-item-anchor\">Relax Thai masa\u017ea<\/a><\/li>\n<li class=\"menu-item menu-item-type-custom menu-item-object-custom menu-item-761\"><a href=\"\/ru\/usluge\/tretmani-tela\/#tradiocionalna\" class=\"elementor-item elementor-item-anchor\">Tradicionalna terapeutska masa\u017ea<\/a><\/li>\n<li class=\"menu-item menu-item-type-custom menu-item-object-custom menu-item-763\"><a href=\"\/ru\/usluge\/tretmani-tela\/#sijacu\" class=\"elementor-item elementor-item-anchor\">\u0160ijacu masa\u017ea<\/a><\/li>\n<li class=\"menu-item menu-item-type-custom menu-item-object-custom menu-item-764\"><a href=\"\/ru\/usluge\/tretmani-tela\/#stopala\" class=\"elementor-item elementor-item-anchor\">Masa\u017ea stopala<\/a><\/li>\n<li class=\"menu-item menu-item-type-custom menu-item-object-custom menu-item-765\"><a href=\"\/ru\/usluge\/tretmani-tela\/#ledja-glava-ruke\" class=\"elementor-item elementor-item-anchor\">Masa\u017ea le\u0111a, glave i ruku<\/a><\/li>\n<li class=\"menu-item menu-item-type-custom menu-item-object-custom menu-item-766\"><a href=\"\/ru\/usluge\/tretmani-tela\/#royal-thai\" class=\"elementor-item elementor-item-anchor\">Royal thai masa\u017ea<\/a><\/li>\n<\/ul><\/nav>\n\t\t\t\t<\/div>\n\t\t\t\t<\/div>\n\t\t\t\t<div class=\"elementor-element elementor-element-999116f animated-slow elementor-invisible elementor-widget elementor-widget-heading\" data-id=\"999116f\" data-element_type=\"widget\" data-settings=\"{&quot;_animation&quot;:&quot;fadeIn&quot;}\" data-widget_type=\"heading.default\">\n\t\t\t\t<div class=\"elementor-widget-container\">\n\t\t\t<h3 class=\"elementor-heading-title elementor-size-default\">\u0417\u0430\u043f\u043b\u0430\u043d\u0438\u0440\u043e\u0432\u0430\u0442\u044c \u043b\u0435\u0447\u0435\u043d\u0438\u0435<\/h3>\t\t<\/div>\n\t\t\t\t<\/div>\n\t\t\t\t<div class=\"elementor-element elementor-element-3706ec0 elementor-button-align-stretch elementor-invisible elementor-widget elementor-widget-form\" data-id=\"3706ec0\" data-element_type=\"widget\" data-settings=\"{&quot;_animation&quot;:&quot;fadeIn&quot;}\" data-widget_type=\"form.default\">\n\t\t\t\t<div class=\"elementor-widget-container\">\n\t\t\t\t\t<form class=\"elementor-form\" method=\"post\" name=\"New Form\" action=\"\">\n\t\t\t<input type=\"hidden\" name=\"post_id\" value=\"439\"\/>\n\t\t\t<input type=\"hidden\" name=\"form_id\" value=\"3706ec0\"\/>\n\n\t\t\t\n\t\t\t<div class=\"elementor-form-fields-wrapper elementor-labels-\">\n\t\t\t\t\t\t\t\t<div class=\"elementor-field-type-text elementor-field-group elementor-column elementor-field-group-name elementor-col-100 elementor-field-required\">\n\t\t\t\t\t<input size=\"1\" type=\"text\" name=\"form_fields[name]\" id=\"form-field-name\" class=\"elementor-field elementor-size-sm  elementor-field-textual\" placeholder=\"Ime i prezime\" required=\"required\" aria-required=\"true\">\t\t\t\t<\/div>\n\t\t\t\t\t\t\t\t<div class=\"elementor-field-type-email elementor-field-group elementor-column elementor-field-group-email elementor-col-50 elementor-field-required\">\n\t\t\t\t\t<input size=\"1\" type=\"email\" name=\"form_fields[email]\" id=\"form-field-email\" class=\"elementor-field elementor-size-sm  elementor-field-textual\" placeholder=\"Email\" required=\"required\" aria-required=\"true\">\t\t\t\t<\/div>\n\t\t\t\t\t\t\t\t<div class=\"elementor-field-type-tel elementor-field-group elementor-column elementor-field-group-field_2 elementor-col-50 elementor-field-required\">\n\t\t\t\t\t<label for=\"form-field-field_2\" class=\"elementor-field-label elementor-screen-only\">Telefon<\/label><input size=\"1\" type=\"tel\" name=\"form_fields[field_2]\" id=\"form-field-field_2\" class=\"elementor-field elementor-size-sm  elementor-field-textual\" placeholder=\"Telefon\" required=\"required\" aria-required=\"true\" pattern=\"[0-9()#&amp;+*-=.]+\" title=\"Only numbers and phone characters (#, -, *, etc) are accepted.\">\t\t\t\t<\/div>\n\t\t\t\t\t\t\t\t<div class=\"elementor-field-type-textarea elementor-field-group elementor-column elementor-field-group-field_1 elementor-col-100 elementor-field-required\">\n\t\t\t\t\t<label for=\"form-field-field_1\" class=\"elementor-field-label elementor-screen-only\">Poruka<\/label><textarea class=\"elementor-field-textual elementor-field  elementor-size-sm\" name=\"form_fields[field_1]\" id=\"form-field-field_1\" rows=\"4\" placeholder=\"Recite nam koji tretman \u017eelite i kada\" required=\"required\" aria-required=\"true\"><\/textarea>\t\t\t\t<\/div>\n\t\t\t\t\t\t\t\t<div class=\"elementor-field-group elementor-column elementor-field-type-submit elementor-col-100\">\n\t\t\t\t\t<button type=\"submit\" class=\"elementor-button elementor-size-sm elementor-animation-grow\">\n\t\t\t\t\t\t<span >\n\t\t\t\t\t\t\t\t\t\t\t\t\t\t\t<span class=\"elementor-button-icon\">\n\t\t\t\t\t\t\t\t\t\t\t\t\t\t\t\t\t\t\t\t\t\t\t\t\t\t<\/span>\n\t\t\t\t\t\t\t\t\t\t\t\t\t\t\t\t\t\t\t\t\t\t<span class=\"elementor-button-text\">PO\u0160ALJI<\/span>\n\t\t\t\t\t\t\t\t\t\t\t\t\t<\/span>\n\t\t\t\t\t<\/button>\n\t\t\t\t<\/div>\n\t\t\t<\/div>\n\t\t<input type=\"hidden\" name=\"trp-form-language\" value=\"ru\"\/><\/form>\n\t\t\t\t<\/div>\n\t\t\t\t<\/div>\n\t\t\t\t\t\t<\/div>\n\t\t\t<\/div>\n\t\t<\/div>\n\t\t\t\t\t\t<\/div>\n\t\t\t<\/div>\n\t\t<\/section>\n\t\t\t\t\t\t<\/div>\n\t\t\t<\/div>\n\t\t<\/div>","protected":false},"excerpt":{"rendered":"<p>Tretmani tela Tretman za te\u0161ke i umorne noge Ovim tretmanom upotrebom specijalnog ulja i pokretima terapeuta mo\u017ee se spre\u010diti ose\u0107aj te\u017eine u nogama. Ubrzani tempo \u017eivota izaziva gomilanje hormona stresa u organizmu. Osetite \u010dari tretmana za te\u0161ke i umorne noge i ose\u0107a\u0107ete se odmorno i rastere\u0107eno, mi\u0161i\u0107i \u0107e vam biti relaksirani. Formula oboga\u0107ena eteri\u010dnim uljima&hellip;<\/p>","protected":false},"author":1,"featured_media":0,"parent":207,"menu_order":0,"comment_status":"closed","ping_status":"closed","template":"elementor_header_footer","meta":[],"_links":{"self":[{"href":"http:\/\/jolieklinika.rs\/ru\/wp-json\/wp\/v2\/pages\/439"}],"collection":[{"href":"http:\/\/jolieklinika.rs\/ru\/wp-json\/wp\/v2\/pages"}],"about":[{"href":"http:\/\/jolieklinika.rs\/ru\/wp-json\/wp\/v2\/types\/page"}],"author":[{"embeddable":true,"href":"http:\/\/jolieklinika.rs\/ru\/wp-json\/wp\/v2\/users\/1"}],"replies":[{"embeddable":true,"href":"http:\/\/jolieklinika.rs\/ru\/wp-json\/wp\/v2\/comments?post=439"}],"version-history":[{"count":4,"href":"http:\/\/jolieklinika.rs\/ru\/wp-json\/wp\/v2\/pages\/439\/revisions"}],"predecessor-version":[{"id":832,"href":"http:\/\/jolieklinika.rs\/ru\/wp-json\/wp\/v2\/pages\/439\/revisions\/832"}],"up":[{"embeddable":true,"href":"http:\/\/jolieklinika.rs\/ru\/wp-json\/wp\/v2\/pages\/207"}],"wp:attachment":[{"href":"http:\/\/jolieklinika.rs\/ru\/wp-json\/wp\/v2\/media?parent=439"}],"curies":[{"name":"wp","href":"https:\/\/api.w.org\/{rel}","templated":true}]}}