{"id":393,"date":"2020-04-04T21:32:46","date_gmt":"2020-04-04T21:32:46","guid":{"rendered":"http:\/\/jolieklinika.rs\/?page_id=393"},"modified":"2025-03-26T15:13:55","modified_gmt":"2025-03-26T15:13:55","slug":"lipoliza","status":"publish","type":"page","link":"http:\/\/jolieklinika.rs\/ru\/usluge\/estetska-medicina\/lipoliza\/","title":{"rendered":"Lipoliza"},"content":{"rendered":"<div data-elementor-type=\"wp-page\" data-elementor-id=\"393\" class=\"elementor elementor-393\" data-elementor-settings=\"[]\">\n\t\t\t<div class=\"elementor-inner\">\n\t\t\t\t<div class=\"elementor-section-wrap\">\n\t\t\t\t\t\t\t<section class=\"elementor-element elementor-element-511aaed elementor-section-height-min-height elementor-section-full_width elementor-section-height-default elementor-section-items-middle elementor-section elementor-top-section\" data-id=\"511aaed\" data-element_type=\"section\" data-settings=\"{&quot;background_background&quot;:&quot;classic&quot;}\">\n\t\t\t\t\t\t<div class=\"elementor-container elementor-column-gap-default\">\n\t\t\t\t<div class=\"elementor-row\">\n\t\t\t\t<div class=\"elementor-element elementor-element-286ba0f0 elementor-column elementor-col-100 elementor-top-column\" data-id=\"286ba0f0\" data-element_type=\"column\" data-settings=\"{&quot;background_background&quot;:&quot;gradient&quot;}\">\n\t\t\t<div class=\"elementor-column-wrap  elementor-element-populated\">\n\t\t\t\t\t<div class=\"elementor-widget-wrap\">\n\t\t\t\t<section class=\"elementor-element elementor-element-686fd5f elementor-section-boxed elementor-section-height-default elementor-section-height-default elementor-section elementor-inner-section\" data-id=\"686fd5f\" data-element_type=\"section\">\n\t\t\t\t\t\t<div class=\"elementor-container elementor-column-gap-default\">\n\t\t\t\t<div class=\"elementor-row\">\n\t\t\t\t<div class=\"elementor-element elementor-element-7d2df7d6 elementor-column elementor-col-100 elementor-inner-column\" data-id=\"7d2df7d6\" data-element_type=\"column\">\n\t\t\t<div class=\"elementor-column-wrap  elementor-element-populated\">\n\t\t\t\t\t<div class=\"elementor-widget-wrap\">\n\t\t\t\t<div class=\"elementor-element elementor-element-7ea7ca57 animated-slow elementor-widget__width-auto elementor-invisible elementor-widget elementor-widget-heading\" data-id=\"7ea7ca57\" data-element_type=\"widget\" data-settings=\"{&quot;_animation&quot;:&quot;fadeIn&quot;}\" data-widget_type=\"heading.default\">\n\t\t\t\t<div class=\"elementor-widget-container\">\n\t\t\t<h3 class=\"elementor-heading-title elementor-size-default\"><a href=\"http:\/\/jolieklinika.rs\/ru\/usluge\/estetska-medicina\/\">Estetska medicina<\/a><\/h3>\t\t<\/div>\n\t\t\t\t<\/div>\n\t\t\t\t<div class=\"elementor-element elementor-element-4028b399 animated-slow elementor-invisible elementor-widget elementor-widget-heading\" data-id=\"4028b399\" data-element_type=\"widget\" data-settings=\"{&quot;_animation&quot;:&quot;fadeIn&quot;}\" data-widget_type=\"heading.default\">\n\t\t\t\t<div class=\"elementor-widget-container\">\n\t\t\t<h1 class=\"elementor-heading-title elementor-size-default\">Lipoliza<\/h1>\t\t<\/div>\n\t\t\t\t<\/div>\n\t\t\t\t\t\t<\/div>\n\t\t\t<\/div>\n\t\t<\/div>\n\t\t\t\t\t\t<\/div>\n\t\t\t<\/div>\n\t\t<\/section>\n\t\t\t\t\t\t<\/div>\n\t\t\t<\/div>\n\t\t<\/div>\n\t\t\t\t\t\t<\/div>\n\t\t\t<\/div>\n\t\t<\/section>\n\t\t\t\t<section class=\"elementor-element elementor-element-c67e355 elementor-section-boxed elementor-section-height-default elementor-section-height-default elementor-section elementor-top-section\" data-id=\"c67e355\" data-element_type=\"section\">\n\t\t\t\t\t\t<div class=\"elementor-container elementor-column-gap-default\">\n\t\t\t\t<div class=\"elementor-row\">\n\t\t\t\t<div class=\"elementor-element elementor-element-37fbd19 elementor-column elementor-col-66 elementor-top-column\" data-id=\"37fbd19\" data-element_type=\"column\" data-settings=\"{&quot;background_background&quot;:&quot;classic&quot;}\">\n\t\t\t<div class=\"elementor-column-wrap  elementor-element-populated\">\n\t\t\t\t\t<div class=\"elementor-widget-wrap\">\n\t\t\t\t<div class=\"elementor-element elementor-element-f4e879d elementor-widget elementor-widget-spacer\" data-id=\"f4e879d\" data-element_type=\"widget\" data-widget_type=\"spacer.default\">\n\t\t\t\t<div class=\"elementor-widget-container\">\n\t\t\t\t\t<div class=\"elementor-spacer\">\n\t\t\t<div class=\"elementor-spacer-inner\"><\/div>\n\t\t<\/div>\n\t\t\t\t<\/div>\n\t\t\t\t<\/div>\n\t\t\t\t<div class=\"elementor-element elementor-element-1861c36 animated-slow elementor-invisible elementor-widget elementor-widget-heading\" data-id=\"1861c36\" data-element_type=\"widget\" data-settings=\"{&quot;_animation&quot;:&quot;fadeIn&quot;}\" data-widget_type=\"heading.default\">\n\t\t\t\t<div class=\"elementor-widget-container\">\n\t\t\t<h2 class=\"elementor-heading-title elementor-size-default\">\u0160ta je tretman lipolize?\n<\/h2>\t\t<\/div>\n\t\t\t\t<\/div>\n\t\t\t\t<div class=\"elementor-element elementor-element-939b0c2 elementor-invisible elementor-widget elementor-widget-text-editor\" data-id=\"939b0c2\" data-element_type=\"widget\" data-settings=\"{&quot;_animation&quot;:&quot;fadeIn&quot;}\" data-widget_type=\"text-editor.default\">\n\t\t\t\t<div class=\"elementor-widget-container\">\n\t\t\t\t\t<div class=\"elementor-text-editor elementor-clearfix\"><p><span style=\"font-weight: 400;\">Lipoliza predstavlja injekcionu proceduru topljenja i uklanjanja ne\u017eeljenih masnih naslaga <\/span><span style=\"font-weight: 400;\">na licu <\/span><span style=\"font-weight: 400;\">i telu i time dolazi do reoblikovanja \u017eeljene regije, izbacivanja vode kao i do pospe\u0161ivanja stvaranja novog kolagena.<\/span><\/p><\/div>\n\t\t\t\t<\/div>\n\t\t\t\t<\/div>\n\t\t\t\t<div class=\"elementor-element elementor-element-ef126fd animated-slow elementor-invisible elementor-widget elementor-widget-heading\" data-id=\"ef126fd\" data-element_type=\"widget\" data-settings=\"{&quot;_animation&quot;:&quot;fadeIn&quot;}\" data-widget_type=\"heading.default\">\n\t\t\t\t<div class=\"elementor-widget-container\">\n\t\t\t<h2 class=\"elementor-heading-title elementor-size-default\">Kada se lipoliza primenjuje?\n<\/h2>\t\t<\/div>\n\t\t\t\t<\/div>\n\t\t\t\t<div class=\"elementor-element elementor-element-e8228da elementor-invisible elementor-widget elementor-widget-text-editor\" data-id=\"e8228da\" data-element_type=\"widget\" data-settings=\"{&quot;_animation&quot;:&quot;fadeIn&quot;}\" data-widget_type=\"text-editor.default\">\n\t\t\t\t<div class=\"elementor-widget-container\">\n\t\t\t\t\t<div class=\"elementor-text-editor elementor-clearfix\"><p>Lipoliza spada u najtra\u017eenije estetske procedure sa ciljem uklanjanja masnih naslaga. Lipolizom se mogu tretirati razli\u010dite regije od:\u00a0manjih masnih naslaga na bradi, vratu, ramenima, stomaku, butinama i zadnjici,\u00a0masnih naslaga na zglobovima i na le\u0111ima,\u00a0masnih \u201cjastu\u010di\u0107a\u201d ispod o\u010diju i na drugim delovima lica, kao i\u00a0celulita.\u00a0<\/p><p>Za koju god regiju se odlu\u010dite, uz Jolie eksperte su zagarantovani fenomenalni rezultati. Ono \u0161to je va\u017eno znati na samom po\u010detku je &#8211; efekti lipolize nisu vidljivi odmah,\u00a0jer procesi razgradnje masnog tkiva traju neko vreme.\u00a0Me\u0111utim, kako vreme prolazi stanje se konstantno pobolj\u0161ava, injektovani lipolitici vr\u0161e razgradnju masnih naslaga, a vi \u0107ete biti veoma brzo biti odu\u0161evljeni rezultatima.<\/p><p>Za najbolje rezultate tretman bi trebalo ponavljati u intervalima od 3 nedelje. Obi\u010dno je dovoljno uraditi 2-3 procedure &#8211; a detaljniju procenu ustanovi\u0107e va\u0161 Jolie doktor.<\/p><p>Efekti lipolize su jedan od najtra\u017enijih na\u010dina za uklanjanje masnih naslaga, nema ne\u017eeljenih efekata niti bola pri proceduri. Nakon tretmana potrebno je da pijete ve\u0107u koli\u010dinu vode, izbegavate kozmeti\u010dke preparate 24h pri tretiranoj regiji, a zatim &#8211; dan za danom u\u017eivate u #Jolie efektima ura\u0111ene procedure.<\/p><\/div>\n\t\t\t\t<\/div>\n\t\t\t\t<\/div>\n\t\t\t\t<div class=\"elementor-element elementor-element-d85f41a elementor-widget elementor-widget-spacer\" data-id=\"d85f41a\" data-element_type=\"widget\" data-widget_type=\"spacer.default\">\n\t\t\t\t<div class=\"elementor-widget-container\">\n\t\t\t\t\t<div class=\"elementor-spacer\">\n\t\t\t<div class=\"elementor-spacer-inner\"><\/div>\n\t\t<\/div>\n\t\t\t\t<\/div>\n\t\t\t\t<\/div>\n\t\t\t\t<div class=\"elementor-element elementor-element-ba9a637 animated-slow elementor-invisible elementor-widget elementor-widget-heading\" data-id=\"ba9a637\" data-element_type=\"widget\" data-settings=\"{&quot;_animation&quot;:&quot;fadeIn&quot;}\" data-widget_type=\"heading.default\">\n\t\t\t\t<div class=\"elementor-widget-container\">\n\t\t\t<h2 class=\"elementor-heading-title elementor-size-default\">Cena:<\/h2>\t\t<\/div>\n\t\t\t\t<\/div>\n\t\t\t\t<div class=\"elementor-element elementor-element-6bc4d40 elementor-widget elementor-widget-price-list\" data-id=\"6bc4d40\" data-element_type=\"widget\" data-widget_type=\"price-list.default\">\n\t\t\t\t<div class=\"elementor-widget-container\">\n\t\t\t\n\t\t<ul class=\"elementor-price-list\">\n\n\t\t\t\t\t\t\t\t\t<li><a class=\"elementor-price-list-item\" href=\"#\">\t\t\t\t\n\t\t\t\t<div class=\"elementor-price-list-text\">\n\t\t\t\t\t\t\t\t\t<div class=\"elementor-price-list-header\">\n\t\t\t\t\t\t\t\t\t\t\t<span class=\"elementor-price-list-title\">Regija lica<\/span>\n\t\t\t\t\t\t\t\t\t\t\t\t\t\t\t\t\t\t<span class=\"elementor-price-list-separator\"><\/span>\n\t\t\t\t\t\t\t\t\t\t\t\t\t\t\t\t\t\t\t<span class=\"elementor-price-list-price\">30.000 RSD<\/span>\n\t\t\t\t\t\t\t\t\t\t<\/div>\n\t\t\t\t\t\t\t\t\t\t\t\t<\/div>\n\t\t\t\t<\/a><\/li>\t\t\t\t\t\n\t\t<\/ul>\n\n\t\t\t\t<\/div>\n\t\t\t\t<\/div>\n\t\t\t\t<div class=\"elementor-element elementor-element-959bca3 elementor-widget elementor-widget-spacer\" data-id=\"959bca3\" data-element_type=\"widget\" data-widget_type=\"spacer.default\">\n\t\t\t\t<div class=\"elementor-widget-container\">\n\t\t\t\t\t<div class=\"elementor-spacer\">\n\t\t\t<div class=\"elementor-spacer-inner\"><\/div>\n\t\t<\/div>\n\t\t\t\t<\/div>\n\t\t\t\t<\/div>\n\t\t\t\t<div class=\"elementor-element elementor-element-15a7a1d animated-fast elementor-align-right elementor-widget__width-auto elementor-invisible elementor-widget elementor-widget-button\" data-id=\"15a7a1d\" data-element_type=\"widget\" data-settings=\"{&quot;_animation&quot;:&quot;fadeIn&quot;}\" data-widget_type=\"button.default\">\n\t\t\t\t<div class=\"elementor-widget-container\">\n\t\t\t\t\t<div class=\"elementor-button-wrapper\">\n\t\t\t<a href=\"http:\/\/jolieklinika.rs\/ru\/usluge\/estetska-medicina\/\" class=\"elementor-button-link elementor-button elementor-size-sm\" role=\"button\">\n\t\t\t\t\t\t<span class=\"elementor-button-content-wrapper\">\n\t\t\t\t\t\t<span class=\"elementor-button-icon elementor-align-icon-left\">\n\t\t\t\t<i aria-hidden=\"true\" class=\"fas fa-arrow-left\"><\/i>\t\t\t<\/span>\n\t\t\t\t\t\t<span class=\"elementor-button-text\">nazad na ostale usluge<\/span>\n\t\t<\/span>\n\t\t\t\t\t<\/a>\n\t\t<\/div>\n\t\t\t\t<\/div>\n\t\t\t\t<\/div>\n\t\t\t\t\t\t<\/div>\n\t\t\t<\/div>\n\t\t<\/div>\n\t\t\t\t<div class=\"elementor-element elementor-element-fcea221 elementor-column elementor-col-33 elementor-top-column\" data-id=\"fcea221\" data-element_type=\"column\">\n\t\t\t<div class=\"elementor-column-wrap  elementor-element-populated\">\n\t\t\t\t\t<div class=\"elementor-widget-wrap\">\n\t\t\t\t<div class=\"elementor-element elementor-element-f1a69aa animated-slow elementor-invisible elementor-widget elementor-widget-heading\" data-id=\"f1a69aa\" data-element_type=\"widget\" data-settings=\"{&quot;_animation&quot;:&quot;fadeIn&quot;}\" data-widget_type=\"heading.default\">\n\t\t\t\t<div class=\"elementor-widget-container\">\n\t\t\t<h2 class=\"elementor-heading-title elementor-size-default\">Ostale usluge<\/h2>\t\t<\/div>\n\t\t\t\t<\/div>\n\t\t\t\t<div class=\"elementor-element elementor-element-8e21111 elementor-nav-menu__align-left elementor-nav-menu--indicator-none elementor-nav-menu--dropdown-none elementor-widget elementor-widget-nav-menu\" data-id=\"8e21111\" data-element_type=\"widget\" data-settings=\"{&quot;layout&quot;:&quot;vertical&quot;}\" data-widget_type=\"nav-menu.default\">\n\t\t\t\t<div class=\"elementor-widget-container\">\n\t\t\t\t\t\t<nav role=\"navigation\" class=\"elementor-nav-menu--main elementor-nav-menu__container elementor-nav-menu--layout-vertical e--pointer-none\"><ul id=\"menu-1-8e21111\" class=\"elementor-nav-menu sm-vertical\"><li class=\"menu-item menu-item-type-post_type menu-item-object-page menu-item-288\"><a href=\"http:\/\/jolieklinika.rs\/ru\/usluge\/estetska-medicina\/hijaluronski-fileri\/\" class=\"elementor-item\">Hijaluronski fileri<\/a><\/li>\n<li class=\"menu-item menu-item-type-post_type menu-item-object-page menu-item-418\"><a href=\"http:\/\/jolieklinika.rs\/ru\/usluge\/estetska-medicina\/biorevitalizacija\/\" class=\"elementor-item\">Biorevitalizacija<\/a><\/li>\n<li class=\"menu-item menu-item-type-post_type menu-item-object-page menu-item-419\"><a href=\"http:\/\/jolieklinika.rs\/ru\/usluge\/estetska-medicina\/botox-vistabel\/\" class=\"elementor-item\">BOTOX Vistabel<\/a><\/li>\n<li class=\"menu-item menu-item-type-post_type menu-item-object-page menu-item-420\"><a href=\"http:\/\/jolieklinika.rs\/ru\/usluge\/estetska-medicina\/cog-niti\/\" class=\"elementor-item\">COG niti<\/a><\/li>\n<li class=\"menu-item menu-item-type-post_type menu-item-object-page menu-item-421\"><a href=\"http:\/\/jolieklinika.rs\/ru\/usluge\/estetska-medicina\/lipoliza\/\" class=\"elementor-item\">Lipoliza<\/a><\/li>\n<li class=\"menu-item menu-item-type-post_type menu-item-object-page menu-item-424\"><a href=\"http:\/\/jolieklinika.rs\/ru\/usluge\/estetska-medicina\/plla-kolagen-stimulator\/\" class=\"elementor-item\">PLLA kolagen stimulator<\/a><\/li>\n<li class=\"menu-item menu-item-type-post_type menu-item-object-page menu-item-1601\"><a href=\"http:\/\/jolieklinika.rs\/ru\/usluge\/estetska-medicina\/morpheus\/\" class=\"elementor-item\">Morpheus<\/a><\/li>\n<\/ul><\/nav>\n\t\t\t\t\t<div class=\"elementor-menu-toggle\" role=\"button\" tabindex=\"0\" aria-label=\"Menu Toggle\" aria-expanded=\"false\">\n\t\t\t<i class=\"eicon-menu-bar\" aria-hidden=\"true\"><\/i>\n\t\t\t<span class=\"elementor-screen-only\">Menu<\/span>\n\t\t<\/div>\n\t\t\t<nav class=\"elementor-nav-menu--dropdown elementor-nav-menu__container\" role=\"navigation\" aria-hidden=\"true\"><ul id=\"menu-2-8e21111\" class=\"elementor-nav-menu sm-vertical\"><li class=\"menu-item menu-item-type-post_type menu-item-object-page menu-item-288\"><a href=\"http:\/\/jolieklinika.rs\/ru\/usluge\/estetska-medicina\/hijaluronski-fileri\/\" class=\"elementor-item\">Hijaluronski fileri<\/a><\/li>\n<li class=\"menu-item menu-item-type-post_type menu-item-object-page menu-item-418\"><a href=\"http:\/\/jolieklinika.rs\/ru\/usluge\/estetska-medicina\/biorevitalizacija\/\" class=\"elementor-item\">Biorevitalizacija<\/a><\/li>\n<li class=\"menu-item menu-item-type-post_type menu-item-object-page menu-item-419\"><a href=\"http:\/\/jolieklinika.rs\/ru\/usluge\/estetska-medicina\/botox-vistabel\/\" class=\"elementor-item\">BOTOX Vistabel<\/a><\/li>\n<li class=\"menu-item menu-item-type-post_type menu-item-object-page menu-item-420\"><a href=\"http:\/\/jolieklinika.rs\/ru\/usluge\/estetska-medicina\/cog-niti\/\" class=\"elementor-item\">COG niti<\/a><\/li>\n<li class=\"menu-item menu-item-type-post_type menu-item-object-page menu-item-421\"><a href=\"http:\/\/jolieklinika.rs\/ru\/usluge\/estetska-medicina\/lipoliza\/\" class=\"elementor-item\">Lipoliza<\/a><\/li>\n<li class=\"menu-item menu-item-type-post_type menu-item-object-page menu-item-424\"><a href=\"http:\/\/jolieklinika.rs\/ru\/usluge\/estetska-medicina\/plla-kolagen-stimulator\/\" class=\"elementor-item\">PLLA kolagen stimulator<\/a><\/li>\n<li class=\"menu-item menu-item-type-post_type menu-item-object-page menu-item-1601\"><a href=\"http:\/\/jolieklinika.rs\/ru\/usluge\/estetska-medicina\/morpheus\/\" class=\"elementor-item\">Morpheus<\/a><\/li>\n<\/ul><\/nav>\n\t\t\t\t<\/div>\n\t\t\t\t<\/div>\n\t\t\t\t<div class=\"elementor-element elementor-element-999116f animated-slow elementor-invisible elementor-widget elementor-widget-heading\" data-id=\"999116f\" data-element_type=\"widget\" data-settings=\"{&quot;_animation&quot;:&quot;fadeIn&quot;}\" data-widget_type=\"heading.default\">\n\t\t\t\t<div class=\"elementor-widget-container\">\n\t\t\t<h3 class=\"elementor-heading-title elementor-size-default\">\u0417\u0430\u043f\u043b\u0430\u043d\u0438\u0440\u043e\u0432\u0430\u0442\u044c \u043b\u0435\u0447\u0435\u043d\u0438\u0435<\/h3>\t\t<\/div>\n\t\t\t\t<\/div>\n\t\t\t\t<div class=\"elementor-element elementor-element-3706ec0 elementor-button-align-stretch elementor-invisible elementor-widget elementor-widget-form\" data-id=\"3706ec0\" data-element_type=\"widget\" data-settings=\"{&quot;_animation&quot;:&quot;fadeIn&quot;}\" data-widget_type=\"form.default\">\n\t\t\t\t<div class=\"elementor-widget-container\">\n\t\t\t\t\t<form class=\"elementor-form\" method=\"post\" name=\"New Form\" action=\"\">\n\t\t\t<input type=\"hidden\" name=\"post_id\" value=\"393\"\/>\n\t\t\t<input type=\"hidden\" name=\"form_id\" value=\"3706ec0\"\/>\n\n\t\t\t\n\t\t\t<div class=\"elementor-form-fields-wrapper elementor-labels-\">\n\t\t\t\t\t\t\t\t<div class=\"elementor-field-type-text elementor-field-group elementor-column elementor-field-group-name elementor-col-100 elementor-field-required\">\n\t\t\t\t\t<input size=\"1\" type=\"text\" name=\"form_fields[name]\" id=\"form-field-name\" class=\"elementor-field elementor-size-sm  elementor-field-textual\" placeholder=\"Ime i prezime\" required=\"required\" aria-required=\"true\">\t\t\t\t<\/div>\n\t\t\t\t\t\t\t\t<div class=\"elementor-field-type-email elementor-field-group elementor-column elementor-field-group-email elementor-col-50 elementor-field-required\">\n\t\t\t\t\t<input size=\"1\" type=\"email\" name=\"form_fields[email]\" id=\"form-field-email\" class=\"elementor-field elementor-size-sm  elementor-field-textual\" placeholder=\"Email\" required=\"required\" aria-required=\"true\">\t\t\t\t<\/div>\n\t\t\t\t\t\t\t\t<div class=\"elementor-field-type-tel elementor-field-group elementor-column elementor-field-group-field_2 elementor-col-50 elementor-field-required\">\n\t\t\t\t\t<label for=\"form-field-field_2\" class=\"elementor-field-label elementor-screen-only\">Telefon<\/label><input size=\"1\" type=\"tel\" name=\"form_fields[field_2]\" id=\"form-field-field_2\" class=\"elementor-field elementor-size-sm  elementor-field-textual\" placeholder=\"Telefon\" required=\"required\" aria-required=\"true\" pattern=\"[0-9()#&amp;+*-=.]+\" title=\"Only numbers and phone characters (#, -, *, etc) are accepted.\">\t\t\t\t<\/div>\n\t\t\t\t\t\t\t\t<div class=\"elementor-field-type-textarea elementor-field-group elementor-column elementor-field-group-field_1 elementor-col-100 elementor-field-required\">\n\t\t\t\t\t<label for=\"form-field-field_1\" class=\"elementor-field-label elementor-screen-only\">Poruka<\/label><textarea class=\"elementor-field-textual elementor-field  elementor-size-sm\" name=\"form_fields[field_1]\" id=\"form-field-field_1\" rows=\"4\" placeholder=\"Recite nam koji tretman \u017eelite i kada\" required=\"required\" aria-required=\"true\"><\/textarea>\t\t\t\t<\/div>\n\t\t\t\t\t\t\t\t<div class=\"elementor-field-group elementor-column elementor-field-type-submit elementor-col-100\">\n\t\t\t\t\t<button type=\"submit\" class=\"elementor-button elementor-size-sm elementor-animation-grow\">\n\t\t\t\t\t\t<span >\n\t\t\t\t\t\t\t\t\t\t\t\t\t\t\t<span class=\"elementor-button-icon\">\n\t\t\t\t\t\t\t\t\t\t\t\t\t\t\t\t\t\t\t\t\t\t\t\t\t\t<\/span>\n\t\t\t\t\t\t\t\t\t\t\t\t\t\t\t\t\t\t\t\t\t\t<span class=\"elementor-button-text\">PO\u0160ALJI<\/span>\n\t\t\t\t\t\t\t\t\t\t\t\t\t<\/span>\n\t\t\t\t\t<\/button>\n\t\t\t\t<\/div>\n\t\t\t<\/div>\n\t\t<input type=\"hidden\" name=\"trp-form-language\" value=\"ru\"\/><\/form>\n\t\t\t\t<\/div>\n\t\t\t\t<\/div>\n\t\t\t\t\t\t<\/div>\n\t\t\t<\/div>\n\t\t<\/div>\n\t\t\t\t\t\t<\/div>\n\t\t\t<\/div>\n\t\t<\/section>\n\t\t\t\t\t\t<\/div>\n\t\t\t<\/div>\n\t\t<\/div>","protected":false},"excerpt":{"rendered":"<p>Estetska medicina Lipoliza \u0160ta je tretman lipolize? Lipoliza predstavlja injekcionu proceduru topljenja i uklanjanja ne\u017eeljenih masnih naslaga na licu i telu i time dolazi do reoblikovanja \u017eeljene regije, izbacivanja vode kao i do pospe\u0161ivanja stvaranja novog kolagena. Kada se lipoliza primenjuje? Lipoliza spada u najtra\u017eenije estetske procedure sa ciljem uklanjanja masnih naslaga. Lipolizom se mogu&hellip;<\/p>","protected":false},"author":1,"featured_media":0,"parent":172,"menu_order":0,"comment_status":"closed","ping_status":"closed","template":"elementor_header_footer","meta":[],"_links":{"self":[{"href":"http:\/\/jolieklinika.rs\/ru\/wp-json\/wp\/v2\/pages\/393"}],"collection":[{"href":"http:\/\/jolieklinika.rs\/ru\/wp-json\/wp\/v2\/pages"}],"about":[{"href":"http:\/\/jolieklinika.rs\/ru\/wp-json\/wp\/v2\/types\/page"}],"author":[{"embeddable":true,"href":"http:\/\/jolieklinika.rs\/ru\/wp-json\/wp\/v2\/users\/1"}],"replies":[{"embeddable":true,"href":"http:\/\/jolieklinika.rs\/ru\/wp-json\/wp\/v2\/comments?post=393"}],"version-history":[{"count":17,"href":"http:\/\/jolieklinika.rs\/ru\/wp-json\/wp\/v2\/pages\/393\/revisions"}],"predecessor-version":[{"id":1659,"href":"http:\/\/jolieklinika.rs\/ru\/wp-json\/wp\/v2\/pages\/393\/revisions\/1659"}],"up":[{"embeddable":true,"href":"http:\/\/jolieklinika.rs\/ru\/wp-json\/wp\/v2\/pages\/172"}],"wp:attachment":[{"href":"http:\/\/jolieklinika.rs\/ru\/wp-json\/wp\/v2\/media?parent=393"}],"curies":[{"name":"wp","href":"https:\/\/api.w.org\/{rel}","templated":true}]}}